{"id":6,"date":"2015-03-05T08:33:44","date_gmt":"2015-03-05T08:33:44","guid":{"rendered":"http:\/\/xn--cliniquevtrinairedes-j2bb.apps-1and1.net\/?page_id=6"},"modified":"2025-01-01T10:49:51","modified_gmt":"2025-01-01T10:49:51","slug":"contacts-horaires","status":"publish","type":"page","link":"http:\/\/xn--cliniquevtrinairedes-j2bb.apps-1and1.net\/?page_id=6","title":{"rendered":"Contacts &#038; Horaires"},"content":{"rendered":"<p>La Clinique V\u00e9t\u00e9rinaire des Collines est situ\u00e9e au 3075 Route de La L\u00e9gion (13400 AUBAGNE), juste au niveau de la sortie d&rsquo;autoroute de \u00ab\u00a0La Penne-sur-Huveaune\u00a0\u00bb.<\/p>\n<p>Les Drs <strong>Margaillan<\/strong> et <strong>Fantinato<\/strong> vous re\u00e7oivent vous et vos compagnons <strong>sur rdv :<\/strong><\/p>\n<ul>\n<li>Du lundi au vendredi de <strong>8h \u00e0 12h <\/strong>et de<strong> 14h \u00e0 19h<\/strong>.<\/li>\n<li>Le samedi de <strong>8h \u00e0 <\/strong><strong>14h<\/strong>.<\/li>\n<\/ul>\n<p>La clinique reste ouverte entre 12h et 14h du lundi au samedi pour les urgences.<\/p>\n<p>En dehors de ces horaires (nuits et dimanches), vous pouvez contacter la clinique : votre appel sera pris en charge par le service d&rsquo;urgences \u00ab\u00a0<strong>VETERINAIRES DE TOUTE URGENCE<\/strong>\u00a0\u00bb situ\u00e9 \u00e0 la Valentine, 162 av des Peintres Roux dans le 11e.<\/p>\n<p>Tel : <strong>04.42.71.81.61 \u00a0\/ 07.49.61.71.36<\/strong><\/p>\n\n\n\n<p><\/p>\n","protected":false},"excerpt":{"rendered":"<p>La Clinique V\u00e9t\u00e9rinaire des Collines est situ\u00e9e au 3075 Route de La L\u00e9gion (13400 AUBAGNE), juste au niveau de&hellip;<\/p>\n","protected":false},"author":1,"featured_media":0,"parent":0,"menu_order":0,"comment_status":"closed","ping_status":"open","template":"","meta":{"footnotes":""},"class_list":["post-6","page","type-page","status-publish","hentry"],"yoast_head":"<!-- This site is optimized with the Yoast SEO plugin v27.5 - https:\/\/yoast.com\/product\/yoast-seo-wordpress\/ -->\n<title>V\u00e9t\u00e9rinaire Fantinato Margaillan Aubagne La Penne s\/Huveaune<\/title>\n<meta name=\"robots\" content=\"noindex, follow, max-snippet:-1, max-image-preview:large, max-video-preview:-1\" \/>\n<meta property=\"og:locale\" content=\"fr_FR\" \/>\n<meta property=\"og:type\" content=\"article\" \/>\n<meta property=\"og:title\" content=\"V\u00e9t\u00e9rinaire Fantinato Margaillan Aubagne La Penne s\/Huveaune\" \/>\n<meta property=\"og:description\" content=\"La Clinique V\u00e9t\u00e9rinaire des Collines est situ\u00e9e au 3075 Route de La L\u00e9gion (13400 AUBAGNE), juste au niveau de&hellip;\" \/>\n<meta property=\"og:url\" content=\"http:\/\/xn--cliniquevtrinairedes-j2bb.apps-1and1.net\/?page_id=6\" \/>\n<meta property=\"article:modified_time\" content=\"2025-01-01T10:49:51+00:00\" \/>\n<meta name=\"twitter:label1\" content=\"Dur\u00e9e de lecture estim\u00e9e\" \/>\n\t<meta name=\"twitter:data1\" content=\"1 minute\" \/>\n<script type=\"application\/ld+json\" class=\"yoast-schema-graph\">{\"@context\":\"https:\\\/\\\/schema.org\",\"@graph\":[{\"@type\":\"WebPage\",\"@id\":\"http:\\\/\\\/xn--cliniquevtrinairedes-j2bb.apps-1and1.net\\\/?page_id=6\",\"url\":\"http:\\\/\\\/xn--cliniquevtrinairedes-j2bb.apps-1and1.net\\\/?page_id=6\",\"name\":\"V\u00e9t\u00e9rinaire Fantinato Margaillan Aubagne La Penne s\\\/Huveaune\",\"isPartOf\":{\"@id\":\"http:\\\/\\\/xn--cliniquevtrinairedes-j2bb.apps-1and1.net\\\/#website\"},\"datePublished\":\"2015-03-05T08:33:44+00:00\",\"dateModified\":\"2025-01-01T10:49:51+00:00\",\"breadcrumb\":{\"@id\":\"http:\\\/\\\/xn--cliniquevtrinairedes-j2bb.apps-1and1.net\\\/?page_id=6#breadcrumb\"},\"inLanguage\":\"fr-FR\",\"potentialAction\":[{\"@type\":\"ReadAction\",\"target\":[\"http:\\\/\\\/xn--cliniquevtrinairedes-j2bb.apps-1and1.net\\\/?page_id=6\"]}]},{\"@type\":\"BreadcrumbList\",\"@id\":\"http:\\\/\\\/xn--cliniquevtrinairedes-j2bb.apps-1and1.net\\\/?page_id=6#breadcrumb\",\"itemListElement\":[{\"@type\":\"ListItem\",\"position\":1,\"name\":\"Accueil\",\"item\":\"http:\\\/\\\/xn--cliniquevtrinairedes-j2bb.apps-1and1.net\\\/\"},{\"@type\":\"ListItem\",\"position\":2,\"name\":\"Contacts &#038; Horaires\"}]},{\"@type\":\"WebSite\",\"@id\":\"http:\\\/\\\/xn--cliniquevtrinairedes-j2bb.apps-1and1.net\\\/#website\",\"url\":\"http:\\\/\\\/xn--cliniquevtrinairedes-j2bb.apps-1and1.net\\\/\",\"name\":\"\",\"description\":\"\",\"potentialAction\":[{\"@type\":\"SearchAction\",\"target\":{\"@type\":\"EntryPoint\",\"urlTemplate\":\"http:\\\/\\\/xn--cliniquevtrinairedes-j2bb.apps-1and1.net\\\/?s={search_term_string}\"},\"query-input\":{\"@type\":\"PropertyValueSpecification\",\"valueRequired\":true,\"valueName\":\"search_term_string\"}}],\"inLanguage\":\"fr-FR\"}]}<\/script>\n<!-- \/ Yoast SEO plugin. -->","yoast_head_json":{"title":"V\u00e9t\u00e9rinaire Fantinato Margaillan Aubagne La Penne s\/Huveaune","robots":{"index":"noindex","follow":"follow","max-snippet":"max-snippet:-1","max-image-preview":"max-image-preview:large","max-video-preview":"max-video-preview:-1"},"og_locale":"fr_FR","og_type":"article","og_title":"V\u00e9t\u00e9rinaire Fantinato Margaillan Aubagne La Penne s\/Huveaune","og_description":"La Clinique V\u00e9t\u00e9rinaire des Collines est situ\u00e9e au 3075 Route de La L\u00e9gion (13400 AUBAGNE), juste au niveau de&hellip;","og_url":"http:\/\/xn--cliniquevtrinairedes-j2bb.apps-1and1.net\/?page_id=6","article_modified_time":"2025-01-01T10:49:51+00:00","twitter_misc":{"Dur\u00e9e de lecture estim\u00e9e":"1 minute"},"schema":{"@context":"https:\/\/schema.org","@graph":[{"@type":"WebPage","@id":"http:\/\/xn--cliniquevtrinairedes-j2bb.apps-1and1.net\/?page_id=6","url":"http:\/\/xn--cliniquevtrinairedes-j2bb.apps-1and1.net\/?page_id=6","name":"V\u00e9t\u00e9rinaire Fantinato Margaillan Aubagne La Penne s\/Huveaune","isPartOf":{"@id":"http:\/\/xn--cliniquevtrinairedes-j2bb.apps-1and1.net\/#website"},"datePublished":"2015-03-05T08:33:44+00:00","dateModified":"2025-01-01T10:49:51+00:00","breadcrumb":{"@id":"http:\/\/xn--cliniquevtrinairedes-j2bb.apps-1and1.net\/?page_id=6#breadcrumb"},"inLanguage":"fr-FR","potentialAction":[{"@type":"ReadAction","target":["http:\/\/xn--cliniquevtrinairedes-j2bb.apps-1and1.net\/?page_id=6"]}]},{"@type":"BreadcrumbList","@id":"http:\/\/xn--cliniquevtrinairedes-j2bb.apps-1and1.net\/?page_id=6#breadcrumb","itemListElement":[{"@type":"ListItem","position":1,"name":"Accueil","item":"http:\/\/xn--cliniquevtrinairedes-j2bb.apps-1and1.net\/"},{"@type":"ListItem","position":2,"name":"Contacts &#038; Horaires"}]},{"@type":"WebSite","@id":"http:\/\/xn--cliniquevtrinairedes-j2bb.apps-1and1.net\/#website","url":"http:\/\/xn--cliniquevtrinairedes-j2bb.apps-1and1.net\/","name":"","description":"","potentialAction":[{"@type":"SearchAction","target":{"@type":"EntryPoint","urlTemplate":"http:\/\/xn--cliniquevtrinairedes-j2bb.apps-1and1.net\/?s={search_term_string}"},"query-input":{"@type":"PropertyValueSpecification","valueRequired":true,"valueName":"search_term_string"}}],"inLanguage":"fr-FR"}]}},"_links":{"self":[{"href":"http:\/\/xn--cliniquevtrinairedes-j2bb.apps-1and1.net\/index.php?rest_route=\/wp\/v2\/pages\/6","targetHints":{"allow":["GET"]}}],"collection":[{"href":"http:\/\/xn--cliniquevtrinairedes-j2bb.apps-1and1.net\/index.php?rest_route=\/wp\/v2\/pages"}],"about":[{"href":"http:\/\/xn--cliniquevtrinairedes-j2bb.apps-1and1.net\/index.php?rest_route=\/wp\/v2\/types\/page"}],"author":[{"embeddable":true,"href":"http:\/\/xn--cliniquevtrinairedes-j2bb.apps-1and1.net\/index.php?rest_route=\/wp\/v2\/users\/1"}],"replies":[{"embeddable":true,"href":"http:\/\/xn--cliniquevtrinairedes-j2bb.apps-1and1.net\/index.php?rest_route=%2Fwp%2Fv2%2Fcomments&post=6"}],"version-history":[{"count":24,"href":"http:\/\/xn--cliniquevtrinairedes-j2bb.apps-1and1.net\/index.php?rest_route=\/wp\/v2\/pages\/6\/revisions"}],"predecessor-version":[{"id":226,"href":"http:\/\/xn--cliniquevtrinairedes-j2bb.apps-1and1.net\/index.php?rest_route=\/wp\/v2\/pages\/6\/revisions\/226"}],"wp:attachment":[{"href":"http:\/\/xn--cliniquevtrinairedes-j2bb.apps-1and1.net\/index.php?rest_route=%2Fwp%2Fv2%2Fmedia&parent=6"}],"curies":[{"name":"wp","href":"https:\/\/api.w.org\/{rel}","templated":true}]}}