{"id":45,"date":"2015-03-05T10:47:54","date_gmt":"2015-03-05T10:47:54","guid":{"rendered":"http:\/\/xn--cliniquevtrinairedes-j2bb.apps-1and1.net\/?page_id=45"},"modified":"2015-04-06T19:58:33","modified_gmt":"2015-04-06T19:58:33","slug":"les-services","status":"publish","type":"page","link":"http:\/\/xn--cliniquevtrinairedes-j2bb.apps-1and1.net\/?page_id=45","title":{"rendered":"Les services"},"content":{"rendered":"<p>Bien soigner vos petits compagnons, c&rsquo;est avant tout avancer vers le bon diagnostic!<\/p>\n<p>Dans ce but, la Clinique V\u00e9t\u00e9rinaire des Collines s&rsquo;est dot\u00e9e d&rsquo;un \u00e9quipement moderne, tant en imagerie m\u00e9dicale qu&rsquo;en analyses sanguines :<\/p>\n<p>&#8211; Un Laboratoire d&rsquo;analyses permettant la r\u00e9alisation d&rsquo;examens <strong>biochimiques<\/strong> complets (\u00e9valuation des param\u00e8tres\u00a0r\u00e9naux, h\u00e9patiques, de la glyc\u00e9mie etc&#8230; et des pathologies qui y sont rattach\u00e9es comme l&rsquo;insuffisance r\u00e9nale chronique, les troubles h\u00e9patiques, le diab\u00e8te) avec des <strong>r\u00e9sultats disponibles en seulement quelques minutes<\/strong>.<\/p>\n<p><a href=\"http:\/\/xn--cliniquevtrinairedes-j2bb.apps-1and1.net\/wp-content\/uploads\/2015\/04\/DSC02812.jpg\"><img loading=\"lazy\" decoding=\"async\" class=\" size-medium wp-image-81 aligncenter\" src=\"http:\/\/xn--cliniquevtrinairedes-j2bb.apps-1and1.net\/wp-content\/uploads\/2015\/04\/DSC02812-300x225.jpg\" alt=\"DSC02812\" width=\"300\" height=\"225\" srcset=\"http:\/\/xn--cliniquevtrinairedes-j2bb.apps-1and1.net\/wp-content\/uploads\/2015\/04\/DSC02812-300x225.jpg 300w, http:\/\/xn--cliniquevtrinairedes-j2bb.apps-1and1.net\/wp-content\/uploads\/2015\/04\/DSC02812-1024x768.jpg 1024w, http:\/\/xn--cliniquevtrinairedes-j2bb.apps-1and1.net\/wp-content\/uploads\/2015\/04\/DSC02812-940x705.jpg 940w, http:\/\/xn--cliniquevtrinairedes-j2bb.apps-1and1.net\/wp-content\/uploads\/2015\/04\/DSC02812.jpg 1383w\" sizes=\"auto, (max-width: 300px) 100vw, 300px\" \/><\/a><\/p>\n<p>La possibilit\u00e9 d&rsquo;effectuer\u00a0\u00e9galement des examens <strong>h\u00e9matologiques<\/strong>,\u00a0permettant l&rsquo;exploration des an\u00e9mies ou des syndromes infectieux.<\/p>\n<p>Enfin, l&rsquo;indispensable <strong>microscope<\/strong>, bien utile pour les diagnostics en cytologie : analyses urinaires, dermatologiques&#8230;<\/p>\n<p><a href=\"http:\/\/xn--cliniquevtrinairedes-j2bb.apps-1and1.net\/wp-content\/uploads\/2015\/04\/DSC02814.jpg\"><img loading=\"lazy\" decoding=\"async\" class=\" size-medium wp-image-78 aligncenter\" src=\"http:\/\/xn--cliniquevtrinairedes-j2bb.apps-1and1.net\/wp-content\/uploads\/2015\/04\/DSC02814-300x225.jpg\" alt=\"DSC02814\" width=\"300\" height=\"225\" srcset=\"http:\/\/xn--cliniquevtrinairedes-j2bb.apps-1and1.net\/wp-content\/uploads\/2015\/04\/DSC02814-300x225.jpg 300w, http:\/\/xn--cliniquevtrinairedes-j2bb.apps-1and1.net\/wp-content\/uploads\/2015\/04\/DSC02814-1024x768.jpg 1024w, http:\/\/xn--cliniquevtrinairedes-j2bb.apps-1and1.net\/wp-content\/uploads\/2015\/04\/DSC02814-940x705.jpg 940w, http:\/\/xn--cliniquevtrinairedes-j2bb.apps-1and1.net\/wp-content\/uploads\/2015\/04\/DSC02814.jpg 1383w\" sizes=\"auto, (max-width: 300px) 100vw, 300px\" \/><\/a><\/p>\n<p>&nbsp;<\/p>\n<p>&nbsp;<\/p>\n<p>&#8211; Une salle sp\u00e9cialement d\u00e9di\u00e9e \u00e0 l&rsquo;imagerie v\u00e9t\u00e9rinaire :<\/p>\n<p>Un appareil de radiographie num\u00e9rique qui nous garantit <strong>imm\u00e9diatement\u00a0le bon clich\u00e9, donc moins de tracas pour nos compagnons les plus stress\u00e9s<\/strong>! Les \u00e9ventuelles retouches se font directement sur l&rsquo;ordinateur et offrent des clich\u00e9s parfaits.<\/p>\n<p><a href=\"http:\/\/xn--cliniquevtrinairedes-j2bb.apps-1and1.net\/wp-content\/uploads\/2015\/04\/DSC02818.jpg\"><img loading=\"lazy\" decoding=\"async\" class=\" wp-image-79 aligncenter\" src=\"http:\/\/xn--cliniquevtrinairedes-j2bb.apps-1and1.net\/wp-content\/uploads\/2015\/04\/DSC02818-300x66.jpg\" alt=\"Petit panorama de notre salle d'imagerie\" width=\"491\" height=\"108\" srcset=\"http:\/\/xn--cliniquevtrinairedes-j2bb.apps-1and1.net\/wp-content\/uploads\/2015\/04\/DSC02818-300x66.jpg 300w, http:\/\/xn--cliniquevtrinairedes-j2bb.apps-1and1.net\/wp-content\/uploads\/2015\/04\/DSC02818-1024x225.jpg 1024w, http:\/\/xn--cliniquevtrinairedes-j2bb.apps-1and1.net\/wp-content\/uploads\/2015\/04\/DSC02818-940x207.jpg 940w, http:\/\/xn--cliniquevtrinairedes-j2bb.apps-1and1.net\/wp-content\/uploads\/2015\/04\/DSC02818.jpg 1474w\" sizes=\"auto, (max-width: 491px) 100vw, 491px\" \/><\/a><\/p>\n<p>&nbsp;<\/p>\n<p>Un <strong>\u00e9chographe<\/strong> identique \u00e0\u00a0ceux utilis\u00e9s en m\u00e9decine humaine pour les \u00e9chographies\u00a0abdominales et cardiaques: le Mylab 60 d&rsquo;Esaote. Indispensable \u00e0 l&rsquo;exploration d&rsquo;un tr\u00e8s grand nombre de pathologies (processus tumoraux, polykystose r\u00e9nale, calculs v\u00e9sicaux, dilatation cardiaque etc)<\/p>\n<p><a href=\"http:\/\/xn--cliniquevtrinairedes-j2bb.apps-1and1.net\/wp-content\/uploads\/2015\/04\/DSC02815.jpg\"><img loading=\"lazy\" decoding=\"async\" class=\" size-medium wp-image-80 aligncenter\" src=\"http:\/\/xn--cliniquevtrinairedes-j2bb.apps-1and1.net\/wp-content\/uploads\/2015\/04\/DSC02815-300x225.jpg\" alt=\"DSC02815\" width=\"300\" height=\"225\" srcset=\"http:\/\/xn--cliniquevtrinairedes-j2bb.apps-1and1.net\/wp-content\/uploads\/2015\/04\/DSC02815-300x225.jpg 300w, http:\/\/xn--cliniquevtrinairedes-j2bb.apps-1and1.net\/wp-content\/uploads\/2015\/04\/DSC02815-1024x768.jpg 1024w, http:\/\/xn--cliniquevtrinairedes-j2bb.apps-1and1.net\/wp-content\/uploads\/2015\/04\/DSC02815-940x705.jpg 940w, http:\/\/xn--cliniquevtrinairedes-j2bb.apps-1and1.net\/wp-content\/uploads\/2015\/04\/DSC02815.jpg 1383w\" sizes=\"auto, (max-width: 300px) 100vw, 300px\" \/><\/a><\/p>\n<p>&#8230;. mais qui r\u00e9serve heureusement d&rsquo;autres belles surprises&#8230;!<\/p>\n<p><a href=\"http:\/\/xn--cliniquevtrinairedes-j2bb.apps-1and1.net\/wp-content\/uploads\/2015\/04\/REPRO20RABIA-11.jpg\"><img loading=\"lazy\" decoding=\"async\" class=\" size-medium wp-image-92 aligncenter\" src=\"http:\/\/xn--cliniquevtrinairedes-j2bb.apps-1and1.net\/wp-content\/uploads\/2015\/04\/REPRO20RABIA-11-300x196.jpg\" alt=\"REPRO20RABIA-11\" width=\"300\" height=\"196\" srcset=\"http:\/\/xn--cliniquevtrinairedes-j2bb.apps-1and1.net\/wp-content\/uploads\/2015\/04\/REPRO20RABIA-11-300x196.jpg 300w, http:\/\/xn--cliniquevtrinairedes-j2bb.apps-1and1.net\/wp-content\/uploads\/2015\/04\/REPRO20RABIA-11.jpg 500w\" sizes=\"auto, (max-width: 300px) 100vw, 300px\" \/><\/a><\/p>\n<p>&nbsp;<\/p>\n<p>&nbsp;<\/p>\n<p>La Clinique est \u00e9galement \u00e9quip\u00e9e d&rsquo;un\u00a0<strong>bloc chirurgical<\/strong>\u00a0disposant d&rsquo;un appareil d&rsquo;<strong>anesth\u00e9sie gazeuse<\/strong> et du monitoring n\u00e9cessaire \u00e0 la surveillance anesth\u00e9sique des patients \u00e0 risques.<\/p>\n<p><a href=\"http:\/\/xn--cliniquevtrinairedes-j2bb.apps-1and1.net\/wp-content\/uploads\/2015\/04\/DSC02819.jpg\"><img loading=\"lazy\" decoding=\"async\" class=\" size-medium wp-image-82 aligncenter\" src=\"http:\/\/xn--cliniquevtrinairedes-j2bb.apps-1and1.net\/wp-content\/uploads\/2015\/04\/DSC02819-300x225.jpg\" alt=\"DSC02819\" width=\"300\" height=\"225\" srcset=\"http:\/\/xn--cliniquevtrinairedes-j2bb.apps-1and1.net\/wp-content\/uploads\/2015\/04\/DSC02819-300x225.jpg 300w, http:\/\/xn--cliniquevtrinairedes-j2bb.apps-1and1.net\/wp-content\/uploads\/2015\/04\/DSC02819-1024x768.jpg 1024w, http:\/\/xn--cliniquevtrinairedes-j2bb.apps-1and1.net\/wp-content\/uploads\/2015\/04\/DSC02819-940x705.jpg 940w, http:\/\/xn--cliniquevtrinairedes-j2bb.apps-1and1.net\/wp-content\/uploads\/2015\/04\/DSC02819.jpg 1383w\" sizes=\"auto, (max-width: 300px) 100vw, 300px\" \/><\/a><\/p>\n<p>&nbsp;<\/p>\n<p>&nbsp;<\/p>\n<p>&nbsp;<\/p>\n","protected":false},"excerpt":{"rendered":"<p>Bien soigner vos petits compagnons, c&rsquo;est avant tout avancer vers le bon diagnostic! Dans ce but, la Clinique V\u00e9t\u00e9rinaire&hellip;<\/p>\n","protected":false},"author":1,"featured_media":0,"parent":0,"menu_order":0,"comment_status":"closed","ping_status":"open","template":"","meta":{"footnotes":""},"class_list":["post-45","page","type-page","status-publish","hentry"],"yoast_head":"<!-- This site is optimized with the Yoast SEO plugin v27.5 - https:\/\/yoast.com\/product\/yoast-seo-wordpress\/ -->\n<title>Echographie Labo v\u00e9t\u00e9rinaire Aubagne Penne sur huveaune<\/title>\n<meta name=\"robots\" content=\"noindex, follow, max-snippet:-1, max-image-preview:large, max-video-preview:-1\" \/>\n<meta property=\"og:locale\" content=\"fr_FR\" \/>\n<meta property=\"og:type\" content=\"article\" \/>\n<meta property=\"og:title\" content=\"Echographie Labo v\u00e9t\u00e9rinaire Aubagne Penne sur huveaune\" \/>\n<meta property=\"og:description\" content=\"Bien soigner vos petits compagnons, c&rsquo;est avant tout avancer vers le bon diagnostic! Dans ce but, la Clinique V\u00e9t\u00e9rinaire&hellip;\" \/>\n<meta property=\"og:url\" content=\"http:\/\/xn--cliniquevtrinairedes-j2bb.apps-1and1.net\/?page_id=45\" \/>\n<meta property=\"article:modified_time\" content=\"2015-04-06T19:58:33+00:00\" \/>\n<meta property=\"og:image\" content=\"http:\/\/xn--cliniquevtrinairedes-j2bb.apps-1and1.net\/wp-content\/uploads\/2015\/04\/DSC02812-300x225.jpg\" \/>\n<meta name=\"twitter:label1\" content=\"Dur\u00e9e de lecture estim\u00e9e\" \/>\n\t<meta name=\"twitter:data1\" content=\"1 minute\" \/>\n<script type=\"application\/ld+json\" class=\"yoast-schema-graph\">{\"@context\":\"https:\\\/\\\/schema.org\",\"@graph\":[{\"@type\":\"WebPage\",\"@id\":\"http:\\\/\\\/xn--cliniquevtrinairedes-j2bb.apps-1and1.net\\\/?page_id=45\",\"url\":\"http:\\\/\\\/xn--cliniquevtrinairedes-j2bb.apps-1and1.net\\\/?page_id=45\",\"name\":\"Echographie Labo v\u00e9t\u00e9rinaire Aubagne Penne sur huveaune\",\"isPartOf\":{\"@id\":\"http:\\\/\\\/xn--cliniquevtrinairedes-j2bb.apps-1and1.net\\\/#website\"},\"primaryImageOfPage\":{\"@id\":\"http:\\\/\\\/xn--cliniquevtrinairedes-j2bb.apps-1and1.net\\\/?page_id=45#primaryimage\"},\"image\":{\"@id\":\"http:\\\/\\\/xn--cliniquevtrinairedes-j2bb.apps-1and1.net\\\/?page_id=45#primaryimage\"},\"thumbnailUrl\":\"http:\\\/\\\/xn--cliniquevtrinairedes-j2bb.apps-1and1.net\\\/wp-content\\\/uploads\\\/2015\\\/04\\\/DSC02812-300x225.jpg\",\"datePublished\":\"2015-03-05T10:47:54+00:00\",\"dateModified\":\"2015-04-06T19:58:33+00:00\",\"breadcrumb\":{\"@id\":\"http:\\\/\\\/xn--cliniquevtrinairedes-j2bb.apps-1and1.net\\\/?page_id=45#breadcrumb\"},\"inLanguage\":\"fr-FR\",\"potentialAction\":[{\"@type\":\"ReadAction\",\"target\":[\"http:\\\/\\\/xn--cliniquevtrinairedes-j2bb.apps-1and1.net\\\/?page_id=45\"]}]},{\"@type\":\"ImageObject\",\"inLanguage\":\"fr-FR\",\"@id\":\"http:\\\/\\\/xn--cliniquevtrinairedes-j2bb.apps-1and1.net\\\/?page_id=45#primaryimage\",\"url\":\"http:\\\/\\\/xn--cliniquevtrinairedes-j2bb.apps-1and1.net\\\/wp-content\\\/uploads\\\/2015\\\/04\\\/DSC02812.jpg\",\"contentUrl\":\"http:\\\/\\\/xn--cliniquevtrinairedes-j2bb.apps-1and1.net\\\/wp-content\\\/uploads\\\/2015\\\/04\\\/DSC02812.jpg\",\"width\":1383,\"height\":1037},{\"@type\":\"BreadcrumbList\",\"@id\":\"http:\\\/\\\/xn--cliniquevtrinairedes-j2bb.apps-1and1.net\\\/?page_id=45#breadcrumb\",\"itemListElement\":[{\"@type\":\"ListItem\",\"position\":1,\"name\":\"Accueil\",\"item\":\"http:\\\/\\\/xn--cliniquevtrinairedes-j2bb.apps-1and1.net\\\/\"},{\"@type\":\"ListItem\",\"position\":2,\"name\":\"Les services\"}]},{\"@type\":\"WebSite\",\"@id\":\"http:\\\/\\\/xn--cliniquevtrinairedes-j2bb.apps-1and1.net\\\/#website\",\"url\":\"http:\\\/\\\/xn--cliniquevtrinairedes-j2bb.apps-1and1.net\\\/\",\"name\":\"\",\"description\":\"\",\"potentialAction\":[{\"@type\":\"SearchAction\",\"target\":{\"@type\":\"EntryPoint\",\"urlTemplate\":\"http:\\\/\\\/xn--cliniquevtrinairedes-j2bb.apps-1and1.net\\\/?s={search_term_string}\"},\"query-input\":{\"@type\":\"PropertyValueSpecification\",\"valueRequired\":true,\"valueName\":\"search_term_string\"}}],\"inLanguage\":\"fr-FR\"}]}<\/script>\n<!-- \/ Yoast SEO plugin. -->","yoast_head_json":{"title":"Echographie Labo v\u00e9t\u00e9rinaire Aubagne Penne sur huveaune","robots":{"index":"noindex","follow":"follow","max-snippet":"max-snippet:-1","max-image-preview":"max-image-preview:large","max-video-preview":"max-video-preview:-1"},"og_locale":"fr_FR","og_type":"article","og_title":"Echographie Labo v\u00e9t\u00e9rinaire Aubagne Penne sur huveaune","og_description":"Bien soigner vos petits compagnons, c&rsquo;est avant tout avancer vers le bon diagnostic! Dans ce but, la Clinique V\u00e9t\u00e9rinaire&hellip;","og_url":"http:\/\/xn--cliniquevtrinairedes-j2bb.apps-1and1.net\/?page_id=45","article_modified_time":"2015-04-06T19:58:33+00:00","og_image":[{"url":"http:\/\/xn--cliniquevtrinairedes-j2bb.apps-1and1.net\/wp-content\/uploads\/2015\/04\/DSC02812-300x225.jpg","type":"","width":"","height":""}],"twitter_misc":{"Dur\u00e9e de lecture estim\u00e9e":"1 minute"},"schema":{"@context":"https:\/\/schema.org","@graph":[{"@type":"WebPage","@id":"http:\/\/xn--cliniquevtrinairedes-j2bb.apps-1and1.net\/?page_id=45","url":"http:\/\/xn--cliniquevtrinairedes-j2bb.apps-1and1.net\/?page_id=45","name":"Echographie Labo v\u00e9t\u00e9rinaire Aubagne Penne sur huveaune","isPartOf":{"@id":"http:\/\/xn--cliniquevtrinairedes-j2bb.apps-1and1.net\/#website"},"primaryImageOfPage":{"@id":"http:\/\/xn--cliniquevtrinairedes-j2bb.apps-1and1.net\/?page_id=45#primaryimage"},"image":{"@id":"http:\/\/xn--cliniquevtrinairedes-j2bb.apps-1and1.net\/?page_id=45#primaryimage"},"thumbnailUrl":"http:\/\/xn--cliniquevtrinairedes-j2bb.apps-1and1.net\/wp-content\/uploads\/2015\/04\/DSC02812-300x225.jpg","datePublished":"2015-03-05T10:47:54+00:00","dateModified":"2015-04-06T19:58:33+00:00","breadcrumb":{"@id":"http:\/\/xn--cliniquevtrinairedes-j2bb.apps-1and1.net\/?page_id=45#breadcrumb"},"inLanguage":"fr-FR","potentialAction":[{"@type":"ReadAction","target":["http:\/\/xn--cliniquevtrinairedes-j2bb.apps-1and1.net\/?page_id=45"]}]},{"@type":"ImageObject","inLanguage":"fr-FR","@id":"http:\/\/xn--cliniquevtrinairedes-j2bb.apps-1and1.net\/?page_id=45#primaryimage","url":"http:\/\/xn--cliniquevtrinairedes-j2bb.apps-1and1.net\/wp-content\/uploads\/2015\/04\/DSC02812.jpg","contentUrl":"http:\/\/xn--cliniquevtrinairedes-j2bb.apps-1and1.net\/wp-content\/uploads\/2015\/04\/DSC02812.jpg","width":1383,"height":1037},{"@type":"BreadcrumbList","@id":"http:\/\/xn--cliniquevtrinairedes-j2bb.apps-1and1.net\/?page_id=45#breadcrumb","itemListElement":[{"@type":"ListItem","position":1,"name":"Accueil","item":"http:\/\/xn--cliniquevtrinairedes-j2bb.apps-1and1.net\/"},{"@type":"ListItem","position":2,"name":"Les services"}]},{"@type":"WebSite","@id":"http:\/\/xn--cliniquevtrinairedes-j2bb.apps-1and1.net\/#website","url":"http:\/\/xn--cliniquevtrinairedes-j2bb.apps-1and1.net\/","name":"","description":"","potentialAction":[{"@type":"SearchAction","target":{"@type":"EntryPoint","urlTemplate":"http:\/\/xn--cliniquevtrinairedes-j2bb.apps-1and1.net\/?s={search_term_string}"},"query-input":{"@type":"PropertyValueSpecification","valueRequired":true,"valueName":"search_term_string"}}],"inLanguage":"fr-FR"}]}},"_links":{"self":[{"href":"http:\/\/xn--cliniquevtrinairedes-j2bb.apps-1and1.net\/index.php?rest_route=\/wp\/v2\/pages\/45","targetHints":{"allow":["GET"]}}],"collection":[{"href":"http:\/\/xn--cliniquevtrinairedes-j2bb.apps-1and1.net\/index.php?rest_route=\/wp\/v2\/pages"}],"about":[{"href":"http:\/\/xn--cliniquevtrinairedes-j2bb.apps-1and1.net\/index.php?rest_route=\/wp\/v2\/types\/page"}],"author":[{"embeddable":true,"href":"http:\/\/xn--cliniquevtrinairedes-j2bb.apps-1and1.net\/index.php?rest_route=\/wp\/v2\/users\/1"}],"replies":[{"embeddable":true,"href":"http:\/\/xn--cliniquevtrinairedes-j2bb.apps-1and1.net\/index.php?rest_route=%2Fwp%2Fv2%2Fcomments&post=45"}],"version-history":[{"count":12,"href":"http:\/\/xn--cliniquevtrinairedes-j2bb.apps-1and1.net\/index.php?rest_route=\/wp\/v2\/pages\/45\/revisions"}],"predecessor-version":[{"id":107,"href":"http:\/\/xn--cliniquevtrinairedes-j2bb.apps-1and1.net\/index.php?rest_route=\/wp\/v2\/pages\/45\/revisions\/107"}],"wp:attachment":[{"href":"http:\/\/xn--cliniquevtrinairedes-j2bb.apps-1and1.net\/index.php?rest_route=%2Fwp%2Fv2%2Fmedia&parent=45"}],"curies":[{"name":"wp","href":"https:\/\/api.w.org\/{rel}","templated":true}]}}