{"id":174,"date":"2015-12-20T13:16:11","date_gmt":"2015-12-20T13:16:11","guid":{"rendered":"http:\/\/cliniquedescollines.com\/?page_id=174"},"modified":"2015-12-20T13:28:22","modified_gmt":"2015-12-20T13:28:22","slug":"echographie-cardiaque","status":"publish","type":"page","link":"http:\/\/xn--cliniquevtrinairedes-j2bb.apps-1and1.net\/?page_id=174","title":{"rendered":"Echographie cardiaque"},"content":{"rendered":"<p>Un souffle cardiaque peut parfois \u00eatre d\u00e9tect\u00e9 par le v\u00e9t\u00e9rinaire chez votre compagnon, dans diverses circonstances :<\/p>\n<p>visite vaccinale annuelle, visite suite \u00e0 l&rsquo;adoption d&rsquo;un chiot ou d&rsquo;un chaton, bilan sur un animal \u00e2g\u00e9, consultation pour baisse de forme, toux, intol\u00e9rance\u00a0\u00e0 l&rsquo;effort&#8230;<\/p>\n<p>L&rsquo;\u00e9chographie cardiaque est alors l&rsquo;examen qui va nous permettre d&rsquo;\u00e9valuer la fonction cardiaque, en visualisant directement l&rsquo;aspect interne des cavit\u00e9s du c\u0153ur. Voici quelques illustrations :<\/p>\n<p>&nbsp;<\/p>\n<ul>\n<li><strong>Maladie valvulaire d\u00e9g\u00e9n\u00e9rative<\/strong> \u00a0<em>(par ex. souffle d\u00e9tect\u00e9 chez un animal \u00e2g\u00e9)<\/em><\/li>\n<\/ul>\n<p><a href=\"http:\/\/xn--cliniquevtrinairedes-j2bb.apps-1and1.net\/wp-content\/uploads\/2015\/12\/ENDOCARDIOSE-MITRALE.jpg\"><img loading=\"lazy\" decoding=\"async\" class=\"alignnone size-medium wp-image-176\" src=\"http:\/\/xn--cliniquevtrinairedes-j2bb.apps-1and1.net\/wp-content\/uploads\/2015\/12\/ENDOCARDIOSE-MITRALE-300x228.jpg\" alt=\"ENDOCARDIOSE MITRALE\" width=\"300\" height=\"228\" srcset=\"http:\/\/xn--cliniquevtrinairedes-j2bb.apps-1and1.net\/wp-content\/uploads\/2015\/12\/ENDOCARDIOSE-MITRALE-300x228.jpg 300w, http:\/\/xn--cliniquevtrinairedes-j2bb.apps-1and1.net\/wp-content\/uploads\/2015\/12\/ENDOCARDIOSE-MITRALE.jpg 800w\" sizes=\"auto, (max-width: 300px) 100vw, 300px\" \/><\/a><a href=\"http:\/\/xn--cliniquevtrinairedes-j2bb.apps-1and1.net\/wp-content\/uploads\/2015\/12\/DILATATION-OG.jpg\"><img loading=\"lazy\" decoding=\"async\" class=\"size-medium wp-image-145 alignright\" src=\"http:\/\/xn--cliniquevtrinairedes-j2bb.apps-1and1.net\/wp-content\/uploads\/2015\/12\/DILATATION-OG-300x228.jpg\" alt=\"DILATATION OG\" width=\"300\" height=\"228\" srcset=\"http:\/\/xn--cliniquevtrinairedes-j2bb.apps-1and1.net\/wp-content\/uploads\/2015\/12\/DILATATION-OG-300x228.jpg 300w, http:\/\/xn--cliniquevtrinairedes-j2bb.apps-1and1.net\/wp-content\/uploads\/2015\/12\/DILATATION-OG.jpg 800w\" sizes=\"auto, (max-width: 300px) 100vw, 300px\" \/><\/a><\/p>\n<p>&nbsp;<\/p>\n<ul>\n<li><strong>Dilatation des cavit\u00e9s cardiaques<\/strong>\u00a0 \u00a0<em>(par ex. lors d&rsquo;insuffisance cardiaque gauche)<\/em><\/li>\n<\/ul>\n<p><a href=\"http:\/\/xn--cliniquevtrinairedes-j2bb.apps-1and1.net\/wp-content\/uploads\/2015\/12\/RAPPORT-AG-AO.jpg\"><img loading=\"lazy\" decoding=\"async\" class=\"size-medium wp-image-149 aligncenter\" src=\"http:\/\/xn--cliniquevtrinairedes-j2bb.apps-1and1.net\/wp-content\/uploads\/2015\/12\/RAPPORT-AG-AO-300x228.jpg\" alt=\"RAPPORT AG AO\" width=\"300\" height=\"228\" srcset=\"http:\/\/xn--cliniquevtrinairedes-j2bb.apps-1and1.net\/wp-content\/uploads\/2015\/12\/RAPPORT-AG-AO-300x228.jpg 300w, http:\/\/xn--cliniquevtrinairedes-j2bb.apps-1and1.net\/wp-content\/uploads\/2015\/12\/RAPPORT-AG-AO.jpg 800w\" sizes=\"auto, (max-width: 300px) 100vw, 300px\" \/><\/a><\/p>\n<p>&nbsp;<\/p>\n<ul>\n<li><strong>Cardiopathies cong\u00e9nitales<\/strong> \u00a0 <em>(par ex. souffle d\u00e9tect\u00e9 chez un jeune animal)<\/em><\/li>\n<\/ul>\n<p><a href=\"http:\/\/xn--cliniquevtrinairedes-j2bb.apps-1and1.net\/wp-content\/uploads\/2015\/12\/STENOSE-SS-AORTIQUE.jpg\"><img loading=\"lazy\" decoding=\"async\" class=\"size-medium wp-image-151 aligncenter\" src=\"http:\/\/xn--cliniquevtrinairedes-j2bb.apps-1and1.net\/wp-content\/uploads\/2015\/12\/STENOSE-SS-AORTIQUE-300x228.jpg\" alt=\"STENOSE SS AORTIQUE\" width=\"300\" height=\"228\" srcset=\"http:\/\/xn--cliniquevtrinairedes-j2bb.apps-1and1.net\/wp-content\/uploads\/2015\/12\/STENOSE-SS-AORTIQUE-300x228.jpg 300w, http:\/\/xn--cliniquevtrinairedes-j2bb.apps-1and1.net\/wp-content\/uploads\/2015\/12\/STENOSE-SS-AORTIQUE.jpg 800w\" sizes=\"auto, (max-width: 300px) 100vw, 300px\" \/><\/a><\/p>\n<p>&nbsp;<\/p>\n<ul>\n<li><strong>Etude Temps-Mouvement &amp; Doppler \u00a0<\/strong><em> (appr\u00e9ciation de la contractilit\u00e9 cardiaque)<\/em><\/li>\n<\/ul>\n<p><a href=\"http:\/\/xn--cliniquevtrinairedes-j2bb.apps-1and1.net\/wp-content\/uploads\/2015\/12\/FLUX-PULMONAIRE.jpg\"><img loading=\"lazy\" decoding=\"async\" class=\"alignnone size-medium wp-image-147\" src=\"http:\/\/xn--cliniquevtrinairedes-j2bb.apps-1and1.net\/wp-content\/uploads\/2015\/12\/FLUX-PULMONAIRE-300x228.jpg\" alt=\"FLUX PULMONAIRE\" width=\"300\" height=\"228\" srcset=\"http:\/\/xn--cliniquevtrinairedes-j2bb.apps-1and1.net\/wp-content\/uploads\/2015\/12\/FLUX-PULMONAIRE-300x228.jpg 300w, http:\/\/xn--cliniquevtrinairedes-j2bb.apps-1and1.net\/wp-content\/uploads\/2015\/12\/FLUX-PULMONAIRE.jpg 800w\" sizes=\"auto, (max-width: 300px) 100vw, 300px\" \/><\/a><a href=\"http:\/\/xn--cliniquevtrinairedes-j2bb.apps-1and1.net\/wp-content\/uploads\/2015\/12\/TM-CARDIO.jpg\"><img loading=\"lazy\" decoding=\"async\" class=\"size-medium wp-image-153 alignright\" src=\"http:\/\/xn--cliniquevtrinairedes-j2bb.apps-1and1.net\/wp-content\/uploads\/2015\/12\/TM-CARDIO-300x228.jpg\" alt=\"TM CARDIO\" width=\"300\" height=\"228\" srcset=\"http:\/\/xn--cliniquevtrinairedes-j2bb.apps-1and1.net\/wp-content\/uploads\/2015\/12\/TM-CARDIO-300x228.jpg 300w, http:\/\/xn--cliniquevtrinairedes-j2bb.apps-1and1.net\/wp-content\/uploads\/2015\/12\/TM-CARDIO.jpg 800w\" sizes=\"auto, (max-width: 300px) 100vw, 300px\" \/><\/a><\/p>\n","protected":false},"excerpt":{"rendered":"<p>Un souffle cardiaque peut parfois \u00eatre d\u00e9tect\u00e9 par le v\u00e9t\u00e9rinaire chez votre compagnon, dans diverses circonstances : visite vaccinale&hellip;<\/p>\n","protected":false},"author":1,"featured_media":0,"parent":0,"menu_order":0,"comment_status":"closed","ping_status":"closed","template":"","meta":{"footnotes":""},"class_list":["post-174","page","type-page","status-publish","hentry"],"yoast_head":"<!-- This site is optimized with the Yoast SEO plugin v27.5 - https:\/\/yoast.com\/product\/yoast-seo-wordpress\/ -->\n<title>Echographie cardiaque &#8226;<\/title>\n<meta name=\"robots\" content=\"noindex, follow, max-snippet:-1, max-image-preview:large, max-video-preview:-1\" \/>\n<meta property=\"og:locale\" content=\"fr_FR\" \/>\n<meta property=\"og:type\" content=\"article\" \/>\n<meta property=\"og:title\" content=\"Echographie cardiaque &#8226;\" \/>\n<meta property=\"og:description\" content=\"Un souffle cardiaque peut parfois \u00eatre d\u00e9tect\u00e9 par le v\u00e9t\u00e9rinaire chez votre compagnon, dans diverses circonstances : visite vaccinale&hellip;\" \/>\n<meta property=\"og:url\" content=\"http:\/\/xn--cliniquevtrinairedes-j2bb.apps-1and1.net\/?page_id=174\" \/>\n<meta property=\"article:modified_time\" content=\"2015-12-20T13:28:22+00:00\" \/>\n<meta property=\"og:image\" content=\"http:\/\/xn--cliniquevtrinairedes-j2bb.apps-1and1.net\/wp-content\/uploads\/2015\/12\/ENDOCARDIOSE-MITRALE-300x228.jpg\" \/>\n<meta name=\"twitter:label1\" content=\"Dur\u00e9e de lecture estim\u00e9e\" \/>\n\t<meta name=\"twitter:data1\" content=\"1 minute\" \/>\n<script type=\"application\/ld+json\" class=\"yoast-schema-graph\">{\"@context\":\"https:\\\/\\\/schema.org\",\"@graph\":[{\"@type\":\"WebPage\",\"@id\":\"http:\\\/\\\/xn--cliniquevtrinairedes-j2bb.apps-1and1.net\\\/?page_id=174\",\"url\":\"http:\\\/\\\/xn--cliniquevtrinairedes-j2bb.apps-1and1.net\\\/?page_id=174\",\"name\":\"Echographie cardiaque &#8226;\",\"isPartOf\":{\"@id\":\"http:\\\/\\\/xn--cliniquevtrinairedes-j2bb.apps-1and1.net\\\/#website\"},\"primaryImageOfPage\":{\"@id\":\"http:\\\/\\\/xn--cliniquevtrinairedes-j2bb.apps-1and1.net\\\/?page_id=174#primaryimage\"},\"image\":{\"@id\":\"http:\\\/\\\/xn--cliniquevtrinairedes-j2bb.apps-1and1.net\\\/?page_id=174#primaryimage\"},\"thumbnailUrl\":\"http:\\\/\\\/xn--cliniquevtrinairedes-j2bb.apps-1and1.net\\\/wp-content\\\/uploads\\\/2015\\\/12\\\/ENDOCARDIOSE-MITRALE-300x228.jpg\",\"datePublished\":\"2015-12-20T13:16:11+00:00\",\"dateModified\":\"2015-12-20T13:28:22+00:00\",\"breadcrumb\":{\"@id\":\"http:\\\/\\\/xn--cliniquevtrinairedes-j2bb.apps-1and1.net\\\/?page_id=174#breadcrumb\"},\"inLanguage\":\"fr-FR\",\"potentialAction\":[{\"@type\":\"ReadAction\",\"target\":[\"http:\\\/\\\/xn--cliniquevtrinairedes-j2bb.apps-1and1.net\\\/?page_id=174\"]}]},{\"@type\":\"ImageObject\",\"inLanguage\":\"fr-FR\",\"@id\":\"http:\\\/\\\/xn--cliniquevtrinairedes-j2bb.apps-1and1.net\\\/?page_id=174#primaryimage\",\"url\":\"http:\\\/\\\/xn--cliniquevtrinairedes-j2bb.apps-1and1.net\\\/wp-content\\\/uploads\\\/2015\\\/12\\\/ENDOCARDIOSE-MITRALE.jpg\",\"contentUrl\":\"http:\\\/\\\/xn--cliniquevtrinairedes-j2bb.apps-1and1.net\\\/wp-content\\\/uploads\\\/2015\\\/12\\\/ENDOCARDIOSE-MITRALE.jpg\",\"width\":800,\"height\":608},{\"@type\":\"BreadcrumbList\",\"@id\":\"http:\\\/\\\/xn--cliniquevtrinairedes-j2bb.apps-1and1.net\\\/?page_id=174#breadcrumb\",\"itemListElement\":[{\"@type\":\"ListItem\",\"position\":1,\"name\":\"Accueil\",\"item\":\"http:\\\/\\\/xn--cliniquevtrinairedes-j2bb.apps-1and1.net\\\/\"},{\"@type\":\"ListItem\",\"position\":2,\"name\":\"Echographie cardiaque\"}]},{\"@type\":\"WebSite\",\"@id\":\"http:\\\/\\\/xn--cliniquevtrinairedes-j2bb.apps-1and1.net\\\/#website\",\"url\":\"http:\\\/\\\/xn--cliniquevtrinairedes-j2bb.apps-1and1.net\\\/\",\"name\":\"\",\"description\":\"\",\"potentialAction\":[{\"@type\":\"SearchAction\",\"target\":{\"@type\":\"EntryPoint\",\"urlTemplate\":\"http:\\\/\\\/xn--cliniquevtrinairedes-j2bb.apps-1and1.net\\\/?s={search_term_string}\"},\"query-input\":{\"@type\":\"PropertyValueSpecification\",\"valueRequired\":true,\"valueName\":\"search_term_string\"}}],\"inLanguage\":\"fr-FR\"}]}<\/script>\n<!-- \/ Yoast SEO plugin. -->","yoast_head_json":{"title":"Echographie cardiaque &#8226;","robots":{"index":"noindex","follow":"follow","max-snippet":"max-snippet:-1","max-image-preview":"max-image-preview:large","max-video-preview":"max-video-preview:-1"},"og_locale":"fr_FR","og_type":"article","og_title":"Echographie cardiaque &#8226;","og_description":"Un souffle cardiaque peut parfois \u00eatre d\u00e9tect\u00e9 par le v\u00e9t\u00e9rinaire chez votre compagnon, dans diverses circonstances : visite vaccinale&hellip;","og_url":"http:\/\/xn--cliniquevtrinairedes-j2bb.apps-1and1.net\/?page_id=174","article_modified_time":"2015-12-20T13:28:22+00:00","og_image":[{"url":"http:\/\/xn--cliniquevtrinairedes-j2bb.apps-1and1.net\/wp-content\/uploads\/2015\/12\/ENDOCARDIOSE-MITRALE-300x228.jpg","type":"","width":"","height":""}],"twitter_misc":{"Dur\u00e9e de lecture estim\u00e9e":"1 minute"},"schema":{"@context":"https:\/\/schema.org","@graph":[{"@type":"WebPage","@id":"http:\/\/xn--cliniquevtrinairedes-j2bb.apps-1and1.net\/?page_id=174","url":"http:\/\/xn--cliniquevtrinairedes-j2bb.apps-1and1.net\/?page_id=174","name":"Echographie cardiaque &#8226;","isPartOf":{"@id":"http:\/\/xn--cliniquevtrinairedes-j2bb.apps-1and1.net\/#website"},"primaryImageOfPage":{"@id":"http:\/\/xn--cliniquevtrinairedes-j2bb.apps-1and1.net\/?page_id=174#primaryimage"},"image":{"@id":"http:\/\/xn--cliniquevtrinairedes-j2bb.apps-1and1.net\/?page_id=174#primaryimage"},"thumbnailUrl":"http:\/\/xn--cliniquevtrinairedes-j2bb.apps-1and1.net\/wp-content\/uploads\/2015\/12\/ENDOCARDIOSE-MITRALE-300x228.jpg","datePublished":"2015-12-20T13:16:11+00:00","dateModified":"2015-12-20T13:28:22+00:00","breadcrumb":{"@id":"http:\/\/xn--cliniquevtrinairedes-j2bb.apps-1and1.net\/?page_id=174#breadcrumb"},"inLanguage":"fr-FR","potentialAction":[{"@type":"ReadAction","target":["http:\/\/xn--cliniquevtrinairedes-j2bb.apps-1and1.net\/?page_id=174"]}]},{"@type":"ImageObject","inLanguage":"fr-FR","@id":"http:\/\/xn--cliniquevtrinairedes-j2bb.apps-1and1.net\/?page_id=174#primaryimage","url":"http:\/\/xn--cliniquevtrinairedes-j2bb.apps-1and1.net\/wp-content\/uploads\/2015\/12\/ENDOCARDIOSE-MITRALE.jpg","contentUrl":"http:\/\/xn--cliniquevtrinairedes-j2bb.apps-1and1.net\/wp-content\/uploads\/2015\/12\/ENDOCARDIOSE-MITRALE.jpg","width":800,"height":608},{"@type":"BreadcrumbList","@id":"http:\/\/xn--cliniquevtrinairedes-j2bb.apps-1and1.net\/?page_id=174#breadcrumb","itemListElement":[{"@type":"ListItem","position":1,"name":"Accueil","item":"http:\/\/xn--cliniquevtrinairedes-j2bb.apps-1and1.net\/"},{"@type":"ListItem","position":2,"name":"Echographie cardiaque"}]},{"@type":"WebSite","@id":"http:\/\/xn--cliniquevtrinairedes-j2bb.apps-1and1.net\/#website","url":"http:\/\/xn--cliniquevtrinairedes-j2bb.apps-1and1.net\/","name":"","description":"","potentialAction":[{"@type":"SearchAction","target":{"@type":"EntryPoint","urlTemplate":"http:\/\/xn--cliniquevtrinairedes-j2bb.apps-1and1.net\/?s={search_term_string}"},"query-input":{"@type":"PropertyValueSpecification","valueRequired":true,"valueName":"search_term_string"}}],"inLanguage":"fr-FR"}]}},"_links":{"self":[{"href":"http:\/\/xn--cliniquevtrinairedes-j2bb.apps-1and1.net\/index.php?rest_route=\/wp\/v2\/pages\/174","targetHints":{"allow":["GET"]}}],"collection":[{"href":"http:\/\/xn--cliniquevtrinairedes-j2bb.apps-1and1.net\/index.php?rest_route=\/wp\/v2\/pages"}],"about":[{"href":"http:\/\/xn--cliniquevtrinairedes-j2bb.apps-1and1.net\/index.php?rest_route=\/wp\/v2\/types\/page"}],"author":[{"embeddable":true,"href":"http:\/\/xn--cliniquevtrinairedes-j2bb.apps-1and1.net\/index.php?rest_route=\/wp\/v2\/users\/1"}],"replies":[{"embeddable":true,"href":"http:\/\/xn--cliniquevtrinairedes-j2bb.apps-1and1.net\/index.php?rest_route=%2Fwp%2Fv2%2Fcomments&post=174"}],"version-history":[{"count":4,"href":"http:\/\/xn--cliniquevtrinairedes-j2bb.apps-1and1.net\/index.php?rest_route=\/wp\/v2\/pages\/174\/revisions"}],"predecessor-version":[{"id":177,"href":"http:\/\/xn--cliniquevtrinairedes-j2bb.apps-1and1.net\/index.php?rest_route=\/wp\/v2\/pages\/174\/revisions\/177"}],"wp:attachment":[{"href":"http:\/\/xn--cliniquevtrinairedes-j2bb.apps-1and1.net\/index.php?rest_route=%2Fwp%2Fv2%2Fmedia&parent=174"}],"curies":[{"name":"wp","href":"https:\/\/api.w.org\/{rel}","templated":true}]}}