{"id":156,"date":"2015-12-20T11:53:18","date_gmt":"2015-12-20T11:53:18","guid":{"rendered":"http:\/\/cliniquedescollines.com\/?page_id=156"},"modified":"2015-12-20T12:09:08","modified_gmt":"2015-12-20T12:09:08","slug":"echographie-abdominale","status":"publish","type":"page","link":"http:\/\/xn--cliniquevtrinairedes-j2bb.apps-1and1.net\/?page_id=156","title":{"rendered":"Echographie abdominale"},"content":{"rendered":"<p>L&rsquo;\u00e9chographie abdominale est une proc\u00e9dure simple et r\u00e9alisable rapidement, qui va nous permettre\u00a0de contr\u00f4ler l&rsquo;int\u00e9gralit\u00e9 des organes abdominaux lors d&rsquo;un examen de 15 \u00e0 20 minutes.<\/p>\n<p>Voici quelques illustrations\u00a0:<\/p>\n<ul>\n<li>Le <strong>foie<\/strong> et la <strong>v\u00e9sicule biliaire<\/strong><em>\u00a0 \u00a0(par ex. exploration lors de vomissements)<\/em><\/li>\n<\/ul>\n<p><a href=\"http:\/\/xn--cliniquevtrinairedes-j2bb.apps-1and1.net\/wp-content\/uploads\/2015\/12\/VB-FOIE-CHAT.jpg\"><img loading=\"lazy\" decoding=\"async\" class=\"size-medium wp-image-154 alignleft\" src=\"http:\/\/xn--cliniquevtrinairedes-j2bb.apps-1and1.net\/wp-content\/uploads\/2015\/12\/VB-FOIE-CHAT-300x228.jpg\" alt=\"VB FOIE CHAT\" width=\"300\" height=\"228\" srcset=\"http:\/\/xn--cliniquevtrinairedes-j2bb.apps-1and1.net\/wp-content\/uploads\/2015\/12\/VB-FOIE-CHAT-300x228.jpg 300w, http:\/\/xn--cliniquevtrinairedes-j2bb.apps-1and1.net\/wp-content\/uploads\/2015\/12\/VB-FOIE-CHAT.jpg 800w\" sizes=\"auto, (max-width: 300px) 100vw, 300px\" \/><\/a><a href=\"http:\/\/xn--cliniquevtrinairedes-j2bb.apps-1and1.net\/wp-content\/uploads\/2015\/12\/NODULES-HEPATIQUES.jpg\"><img loading=\"lazy\" decoding=\"async\" class=\"size-medium wp-image-158 alignright\" src=\"http:\/\/xn--cliniquevtrinairedes-j2bb.apps-1and1.net\/wp-content\/uploads\/2015\/12\/NODULES-HEPATIQUES-300x228.jpg\" alt=\"NODULES HEPATIQUES\" width=\"300\" height=\"228\" srcset=\"http:\/\/xn--cliniquevtrinairedes-j2bb.apps-1and1.net\/wp-content\/uploads\/2015\/12\/NODULES-HEPATIQUES-300x228.jpg 300w, http:\/\/xn--cliniquevtrinairedes-j2bb.apps-1and1.net\/wp-content\/uploads\/2015\/12\/NODULES-HEPATIQUES.jpg 800w\" sizes=\"auto, (max-width: 300px) 100vw, 300px\" \/><\/a><\/p>\n<p>&nbsp;<\/p>\n<p>&nbsp;<\/p>\n<p>&nbsp;<\/p>\n<p>&nbsp;<\/p>\n<p>&nbsp;<\/p>\n<p>&nbsp;<\/p>\n<p>&nbsp;<\/p>\n<ul>\n<li>le <strong>tube digestif<\/strong>\u00a0 \u00a0<em>(par ex. exploration lors de vomissements \/ diarrh\u00e9es)<\/em><\/li>\n<\/ul>\n<p><a href=\"http:\/\/xn--cliniquevtrinairedes-j2bb.apps-1and1.net\/wp-content\/uploads\/2015\/12\/FOIE-ESTOMAC.jpg\"><img loading=\"lazy\" decoding=\"async\" class=\"alignnone size-medium wp-image-148\" src=\"http:\/\/xn--cliniquevtrinairedes-j2bb.apps-1and1.net\/wp-content\/uploads\/2015\/12\/FOIE-ESTOMAC-300x228.jpg\" alt=\"FOIE + ESTOMAC\" width=\"300\" height=\"228\" srcset=\"http:\/\/xn--cliniquevtrinairedes-j2bb.apps-1and1.net\/wp-content\/uploads\/2015\/12\/FOIE-ESTOMAC-300x228.jpg 300w, http:\/\/xn--cliniquevtrinairedes-j2bb.apps-1and1.net\/wp-content\/uploads\/2015\/12\/FOIE-ESTOMAC.jpg 800w\" sizes=\"auto, (max-width: 300px) 100vw, 300px\" \/><\/a><a href=\"http:\/\/xn--cliniquevtrinairedes-j2bb.apps-1and1.net\/wp-content\/uploads\/2015\/12\/DUODENUM.jpg\"><img loading=\"lazy\" decoding=\"async\" class=\"size-medium wp-image-146 alignright\" src=\"http:\/\/xn--cliniquevtrinairedes-j2bb.apps-1and1.net\/wp-content\/uploads\/2015\/12\/DUODENUM-300x228.jpg\" alt=\"DUODENUM\" width=\"300\" height=\"228\" srcset=\"http:\/\/xn--cliniquevtrinairedes-j2bb.apps-1and1.net\/wp-content\/uploads\/2015\/12\/DUODENUM-300x228.jpg 300w, http:\/\/xn--cliniquevtrinairedes-j2bb.apps-1and1.net\/wp-content\/uploads\/2015\/12\/DUODENUM.jpg 800w\" sizes=\"auto, (max-width: 300px) 100vw, 300px\" \/><\/a><\/p>\n<p>&nbsp;<\/p>\n<ul>\n<li>les <strong>reins \u00a0<\/strong> <em>(par ex. bilan lors d&rsquo;une insuffisance r\u00e9nale)<\/em><\/li>\n<\/ul>\n<p><a href=\"http:\/\/xn--cliniquevtrinairedes-j2bb.apps-1and1.net\/wp-content\/uploads\/2015\/12\/REIN-GAUCHE.jpg\"><img loading=\"lazy\" decoding=\"async\" class=\"alignnone size-medium wp-image-150\" src=\"http:\/\/xn--cliniquevtrinairedes-j2bb.apps-1and1.net\/wp-content\/uploads\/2015\/12\/REIN-GAUCHE-300x228.jpg\" alt=\"REIN GAUCHE\" width=\"300\" height=\"228\" srcset=\"http:\/\/xn--cliniquevtrinairedes-j2bb.apps-1and1.net\/wp-content\/uploads\/2015\/12\/REIN-GAUCHE-300x228.jpg 300w, http:\/\/xn--cliniquevtrinairedes-j2bb.apps-1and1.net\/wp-content\/uploads\/2015\/12\/REIN-GAUCHE.jpg 800w\" sizes=\"auto, (max-width: 300px) 100vw, 300px\" \/><\/a><a href=\"http:\/\/xn--cliniquevtrinairedes-j2bb.apps-1and1.net\/wp-content\/uploads\/2015\/12\/REIN-DROIT-CHAT-AGE.jpg\"><img loading=\"lazy\" decoding=\"async\" class=\"size-medium wp-image-163 alignright\" src=\"http:\/\/xn--cliniquevtrinairedes-j2bb.apps-1and1.net\/wp-content\/uploads\/2015\/12\/REIN-DROIT-CHAT-AGE-300x228.jpg\" alt=\"REIN DROIT CHAT AGE\" width=\"300\" height=\"228\" srcset=\"http:\/\/xn--cliniquevtrinairedes-j2bb.apps-1and1.net\/wp-content\/uploads\/2015\/12\/REIN-DROIT-CHAT-AGE-300x228.jpg 300w, http:\/\/xn--cliniquevtrinairedes-j2bb.apps-1and1.net\/wp-content\/uploads\/2015\/12\/REIN-DROIT-CHAT-AGE.jpg 800w\" sizes=\"auto, (max-width: 300px) 100vw, 300px\" \/><\/a><\/p>\n<p>&nbsp;<\/p>\n<ul>\n<li>la <strong>vessie<\/strong>\u00a0 \u00a0<em>(par ex. lors de cystite \/ recherche de calculs)<\/em><\/li>\n<\/ul>\n<p><a href=\"http:\/\/xn--cliniquevtrinairedes-j2bb.apps-1and1.net\/wp-content\/uploads\/2015\/12\/VESSIE.jpg\"><img loading=\"lazy\" decoding=\"async\" class=\"alignnone size-medium wp-image-161\" src=\"http:\/\/xn--cliniquevtrinairedes-j2bb.apps-1and1.net\/wp-content\/uploads\/2015\/12\/VESSIE-300x228.jpg\" alt=\"VESSIE\" width=\"300\" height=\"228\" srcset=\"http:\/\/xn--cliniquevtrinairedes-j2bb.apps-1and1.net\/wp-content\/uploads\/2015\/12\/VESSIE-300x228.jpg 300w, http:\/\/xn--cliniquevtrinairedes-j2bb.apps-1and1.net\/wp-content\/uploads\/2015\/12\/VESSIE.jpg 800w\" sizes=\"auto, (max-width: 300px) 100vw, 300px\" \/><\/a><\/p>\n<p>&nbsp;<\/p>\n<ul>\n<li>les <strong>glandes surr\u00e9nales<\/strong>\u00a0 \u00a0<em>(par ex. bilan de maladies endocriniennes)<\/em><\/li>\n<\/ul>\n<p><a href=\"http:\/\/xn--cliniquevtrinairedes-j2bb.apps-1and1.net\/wp-content\/uploads\/2015\/12\/SURRENALE-GAUCHE.jpg\"><img loading=\"lazy\" decoding=\"async\" class=\"alignnone size-medium wp-image-152\" src=\"http:\/\/xn--cliniquevtrinairedes-j2bb.apps-1and1.net\/wp-content\/uploads\/2015\/12\/SURRENALE-GAUCHE-300x228.jpg\" alt=\"SURRENALE GAUCHE\" width=\"300\" height=\"228\" srcset=\"http:\/\/xn--cliniquevtrinairedes-j2bb.apps-1and1.net\/wp-content\/uploads\/2015\/12\/SURRENALE-GAUCHE-300x228.jpg 300w, http:\/\/xn--cliniquevtrinairedes-j2bb.apps-1and1.net\/wp-content\/uploads\/2015\/12\/SURRENALE-GAUCHE.jpg 800w\" sizes=\"auto, (max-width: 300px) 100vw, 300px\" \/><\/a><\/p>\n","protected":false},"excerpt":{"rendered":"<p>L&rsquo;\u00e9chographie abdominale est une proc\u00e9dure simple et r\u00e9alisable rapidement, qui va nous permettre\u00a0de contr\u00f4ler l&rsquo;int\u00e9gralit\u00e9 des organes abdominaux lors&hellip;<\/p>\n","protected":false},"author":1,"featured_media":0,"parent":0,"menu_order":0,"comment_status":"closed","ping_status":"closed","template":"","meta":{"footnotes":""},"class_list":["post-156","page","type-page","status-publish","hentry"],"yoast_head":"<!-- This site is optimized with the Yoast SEO plugin v27.5 - https:\/\/yoast.com\/product\/yoast-seo-wordpress\/ -->\n<title>Echographie abdominale &#8226;<\/title>\n<meta name=\"robots\" content=\"noindex, follow, max-snippet:-1, max-image-preview:large, max-video-preview:-1\" \/>\n<meta property=\"og:locale\" content=\"fr_FR\" \/>\n<meta property=\"og:type\" content=\"article\" \/>\n<meta property=\"og:title\" content=\"Echographie abdominale &#8226;\" \/>\n<meta property=\"og:description\" content=\"L&rsquo;\u00e9chographie abdominale est une proc\u00e9dure simple et r\u00e9alisable rapidement, qui va nous permettre\u00a0de contr\u00f4ler l&rsquo;int\u00e9gralit\u00e9 des organes abdominaux lors&hellip;\" \/>\n<meta property=\"og:url\" content=\"http:\/\/xn--cliniquevtrinairedes-j2bb.apps-1and1.net\/?page_id=156\" \/>\n<meta property=\"article:modified_time\" content=\"2015-12-20T12:09:08+00:00\" \/>\n<meta property=\"og:image\" content=\"http:\/\/xn--cliniquevtrinairedes-j2bb.apps-1and1.net\/wp-content\/uploads\/2015\/12\/VB-FOIE-CHAT-300x228.jpg\" \/>\n<script type=\"application\/ld+json\" class=\"yoast-schema-graph\">{\"@context\":\"https:\\\/\\\/schema.org\",\"@graph\":[{\"@type\":\"WebPage\",\"@id\":\"http:\\\/\\\/xn--cliniquevtrinairedes-j2bb.apps-1and1.net\\\/?page_id=156\",\"url\":\"http:\\\/\\\/xn--cliniquevtrinairedes-j2bb.apps-1and1.net\\\/?page_id=156\",\"name\":\"Echographie abdominale &#8226;\",\"isPartOf\":{\"@id\":\"http:\\\/\\\/xn--cliniquevtrinairedes-j2bb.apps-1and1.net\\\/#website\"},\"primaryImageOfPage\":{\"@id\":\"http:\\\/\\\/xn--cliniquevtrinairedes-j2bb.apps-1and1.net\\\/?page_id=156#primaryimage\"},\"image\":{\"@id\":\"http:\\\/\\\/xn--cliniquevtrinairedes-j2bb.apps-1and1.net\\\/?page_id=156#primaryimage\"},\"thumbnailUrl\":\"http:\\\/\\\/xn--cliniquevtrinairedes-j2bb.apps-1and1.net\\\/wp-content\\\/uploads\\\/2015\\\/12\\\/VB-FOIE-CHAT-300x228.jpg\",\"datePublished\":\"2015-12-20T11:53:18+00:00\",\"dateModified\":\"2015-12-20T12:09:08+00:00\",\"breadcrumb\":{\"@id\":\"http:\\\/\\\/xn--cliniquevtrinairedes-j2bb.apps-1and1.net\\\/?page_id=156#breadcrumb\"},\"inLanguage\":\"fr-FR\",\"potentialAction\":[{\"@type\":\"ReadAction\",\"target\":[\"http:\\\/\\\/xn--cliniquevtrinairedes-j2bb.apps-1and1.net\\\/?page_id=156\"]}]},{\"@type\":\"ImageObject\",\"inLanguage\":\"fr-FR\",\"@id\":\"http:\\\/\\\/xn--cliniquevtrinairedes-j2bb.apps-1and1.net\\\/?page_id=156#primaryimage\",\"url\":\"http:\\\/\\\/xn--cliniquevtrinairedes-j2bb.apps-1and1.net\\\/wp-content\\\/uploads\\\/2015\\\/12\\\/VB-FOIE-CHAT.jpg\",\"contentUrl\":\"http:\\\/\\\/xn--cliniquevtrinairedes-j2bb.apps-1and1.net\\\/wp-content\\\/uploads\\\/2015\\\/12\\\/VB-FOIE-CHAT.jpg\",\"width\":800,\"height\":608},{\"@type\":\"BreadcrumbList\",\"@id\":\"http:\\\/\\\/xn--cliniquevtrinairedes-j2bb.apps-1and1.net\\\/?page_id=156#breadcrumb\",\"itemListElement\":[{\"@type\":\"ListItem\",\"position\":1,\"name\":\"Accueil\",\"item\":\"http:\\\/\\\/xn--cliniquevtrinairedes-j2bb.apps-1and1.net\\\/\"},{\"@type\":\"ListItem\",\"position\":2,\"name\":\"Echographie abdominale\"}]},{\"@type\":\"WebSite\",\"@id\":\"http:\\\/\\\/xn--cliniquevtrinairedes-j2bb.apps-1and1.net\\\/#website\",\"url\":\"http:\\\/\\\/xn--cliniquevtrinairedes-j2bb.apps-1and1.net\\\/\",\"name\":\"\",\"description\":\"\",\"potentialAction\":[{\"@type\":\"SearchAction\",\"target\":{\"@type\":\"EntryPoint\",\"urlTemplate\":\"http:\\\/\\\/xn--cliniquevtrinairedes-j2bb.apps-1and1.net\\\/?s={search_term_string}\"},\"query-input\":{\"@type\":\"PropertyValueSpecification\",\"valueRequired\":true,\"valueName\":\"search_term_string\"}}],\"inLanguage\":\"fr-FR\"}]}<\/script>\n<!-- \/ Yoast SEO plugin. -->","yoast_head_json":{"title":"Echographie abdominale &#8226;","robots":{"index":"noindex","follow":"follow","max-snippet":"max-snippet:-1","max-image-preview":"max-image-preview:large","max-video-preview":"max-video-preview:-1"},"og_locale":"fr_FR","og_type":"article","og_title":"Echographie abdominale &#8226;","og_description":"L&rsquo;\u00e9chographie abdominale est une proc\u00e9dure simple et r\u00e9alisable rapidement, qui va nous permettre\u00a0de contr\u00f4ler l&rsquo;int\u00e9gralit\u00e9 des organes abdominaux lors&hellip;","og_url":"http:\/\/xn--cliniquevtrinairedes-j2bb.apps-1and1.net\/?page_id=156","article_modified_time":"2015-12-20T12:09:08+00:00","og_image":[{"url":"http:\/\/xn--cliniquevtrinairedes-j2bb.apps-1and1.net\/wp-content\/uploads\/2015\/12\/VB-FOIE-CHAT-300x228.jpg","type":"","width":"","height":""}],"schema":{"@context":"https:\/\/schema.org","@graph":[{"@type":"WebPage","@id":"http:\/\/xn--cliniquevtrinairedes-j2bb.apps-1and1.net\/?page_id=156","url":"http:\/\/xn--cliniquevtrinairedes-j2bb.apps-1and1.net\/?page_id=156","name":"Echographie abdominale &#8226;","isPartOf":{"@id":"http:\/\/xn--cliniquevtrinairedes-j2bb.apps-1and1.net\/#website"},"primaryImageOfPage":{"@id":"http:\/\/xn--cliniquevtrinairedes-j2bb.apps-1and1.net\/?page_id=156#primaryimage"},"image":{"@id":"http:\/\/xn--cliniquevtrinairedes-j2bb.apps-1and1.net\/?page_id=156#primaryimage"},"thumbnailUrl":"http:\/\/xn--cliniquevtrinairedes-j2bb.apps-1and1.net\/wp-content\/uploads\/2015\/12\/VB-FOIE-CHAT-300x228.jpg","datePublished":"2015-12-20T11:53:18+00:00","dateModified":"2015-12-20T12:09:08+00:00","breadcrumb":{"@id":"http:\/\/xn--cliniquevtrinairedes-j2bb.apps-1and1.net\/?page_id=156#breadcrumb"},"inLanguage":"fr-FR","potentialAction":[{"@type":"ReadAction","target":["http:\/\/xn--cliniquevtrinairedes-j2bb.apps-1and1.net\/?page_id=156"]}]},{"@type":"ImageObject","inLanguage":"fr-FR","@id":"http:\/\/xn--cliniquevtrinairedes-j2bb.apps-1and1.net\/?page_id=156#primaryimage","url":"http:\/\/xn--cliniquevtrinairedes-j2bb.apps-1and1.net\/wp-content\/uploads\/2015\/12\/VB-FOIE-CHAT.jpg","contentUrl":"http:\/\/xn--cliniquevtrinairedes-j2bb.apps-1and1.net\/wp-content\/uploads\/2015\/12\/VB-FOIE-CHAT.jpg","width":800,"height":608},{"@type":"BreadcrumbList","@id":"http:\/\/xn--cliniquevtrinairedes-j2bb.apps-1and1.net\/?page_id=156#breadcrumb","itemListElement":[{"@type":"ListItem","position":1,"name":"Accueil","item":"http:\/\/xn--cliniquevtrinairedes-j2bb.apps-1and1.net\/"},{"@type":"ListItem","position":2,"name":"Echographie abdominale"}]},{"@type":"WebSite","@id":"http:\/\/xn--cliniquevtrinairedes-j2bb.apps-1and1.net\/#website","url":"http:\/\/xn--cliniquevtrinairedes-j2bb.apps-1and1.net\/","name":"","description":"","potentialAction":[{"@type":"SearchAction","target":{"@type":"EntryPoint","urlTemplate":"http:\/\/xn--cliniquevtrinairedes-j2bb.apps-1and1.net\/?s={search_term_string}"},"query-input":{"@type":"PropertyValueSpecification","valueRequired":true,"valueName":"search_term_string"}}],"inLanguage":"fr-FR"}]}},"_links":{"self":[{"href":"http:\/\/xn--cliniquevtrinairedes-j2bb.apps-1and1.net\/index.php?rest_route=\/wp\/v2\/pages\/156","targetHints":{"allow":["GET"]}}],"collection":[{"href":"http:\/\/xn--cliniquevtrinairedes-j2bb.apps-1and1.net\/index.php?rest_route=\/wp\/v2\/pages"}],"about":[{"href":"http:\/\/xn--cliniquevtrinairedes-j2bb.apps-1and1.net\/index.php?rest_route=\/wp\/v2\/types\/page"}],"author":[{"embeddable":true,"href":"http:\/\/xn--cliniquevtrinairedes-j2bb.apps-1and1.net\/index.php?rest_route=\/wp\/v2\/users\/1"}],"replies":[{"embeddable":true,"href":"http:\/\/xn--cliniquevtrinairedes-j2bb.apps-1and1.net\/index.php?rest_route=%2Fwp%2Fv2%2Fcomments&post=156"}],"version-history":[{"count":5,"href":"http:\/\/xn--cliniquevtrinairedes-j2bb.apps-1and1.net\/index.php?rest_route=\/wp\/v2\/pages\/156\/revisions"}],"predecessor-version":[{"id":164,"href":"http:\/\/xn--cliniquevtrinairedes-j2bb.apps-1and1.net\/index.php?rest_route=\/wp\/v2\/pages\/156\/revisions\/164"}],"wp:attachment":[{"href":"http:\/\/xn--cliniquevtrinairedes-j2bb.apps-1and1.net\/index.php?rest_route=%2Fwp%2Fv2%2Fmedia&parent=156"}],"curies":[{"name":"wp","href":"https:\/\/api.w.org\/{rel}","templated":true}]}}